{"id":2374,"date":"2021-12-19T22:02:29","date_gmt":"2021-12-19T21:02:29","guid":{"rendered":"https:\/\/www.praxiscarreschaumburg.at\/?page_id=2374"},"modified":"2024-12-19T09:52:19","modified_gmt":"2024-12-19T08:52:19","slug":"vorsorge-und-nachsorge","status":"publish","type":"page","link":"https:\/\/www.praxiscarreschaumburg.at\/en\/vorsorge-und-nachsorge\/","title":{"rendered":"Pre- &amp; Aftercare"},"content":{"rendered":"<div data-elementor-type=\"wp-page\" data-elementor-id=\"2374\" class=\"elementor elementor-2374\" data-elementor-post-type=\"page\">\n\t\t\t\t\t\t<section class=\"elementor-section elementor-top-section elementor-element elementor-element-c4fd5cd elementor-section-content-middle elementor-section-boxed elementor-section-height-default elementor-section-height-default\" data-id=\"c4fd5cd\" data-element_type=\"section\" data-settings=\"{&quot;background_background&quot;:&quot;classic&quot;}\">\n\t\t\t\t\t\t<div class=\"elementor-container elementor-column-gap-default\">\n\t\t\t\t\t<div class=\"elementor-column elementor-col-100 elementor-top-column elementor-element elementor-element-a470ec4\" data-id=\"a470ec4\" data-element_type=\"column\">\n\t\t\t<div class=\"elementor-widget-wrap elementor-element-populated\">\n\t\t\t\t\t\t<div class=\"elementor-element elementor-element-992543f elementor-invisible elementor-widget elementor-widget-text-editor\" data-id=\"992543f\" data-element_type=\"widget\" data-settings=\"{&quot;_animation&quot;:&quot;fadeInUp&quot;}\" data-widget_type=\"text-editor.default\">\n\t\t\t\t<div class=\"elementor-widget-container\">\n\t\t\t\t\t\t\t\t\t<p>OUR SERVICES<\/p>\t\t\t\t\t\t\t\t<\/div>\n\t\t\t\t<\/div>\n\t\t\t\t<div class=\"elementor-element elementor-element-166b1a5 elementor-invisible elementor-widget elementor-widget-heading\" data-id=\"166b1a5\" data-element_type=\"widget\" data-settings=\"{&quot;_animation&quot;:&quot;fadeInUp&quot;,&quot;_animation_delay&quot;:500}\" data-widget_type=\"heading.default\">\n\t\t\t\t<div class=\"elementor-widget-container\">\n\t\t\t\t\t<h1 class=\"elementor-heading-title elementor-size-default\">PRE- &amp; AFTERCARE<\/h1>\t\t\t\t<\/div>\n\t\t\t\t<\/div>\n\t\t\t\t\t<\/div>\n\t\t<\/div>\n\t\t\t\t\t<\/div>\n\t\t<\/section>\n\t\t\t\t<section class=\"elementor-section elementor-top-section elementor-element elementor-element-45724fa elementor-section-content-top elementor-section-boxed elementor-section-height-default elementor-section-height-default\" data-id=\"45724fa\" data-element_type=\"section\" id=\"vorsorge\">\n\t\t\t\t\t\t<div class=\"elementor-container elementor-column-gap-default\">\n\t\t\t\t\t<div class=\"elementor-column elementor-col-50 elementor-top-column elementor-element elementor-element-7be3593\" data-id=\"7be3593\" data-element_type=\"column\">\n\t\t\t<div class=\"elementor-widget-wrap elementor-element-populated\">\n\t\t\t\t\t\t<div class=\"elementor-element elementor-element-87e9b85 elementor-widget elementor-widget-heading\" data-id=\"87e9b85\" data-element_type=\"widget\" data-widget_type=\"heading.default\">\n\t\t\t\t<div class=\"elementor-widget-container\">\n\t\t\t\t\t<h2 class=\"elementor-heading-title elementor-size-default\">PRECARE<\/h2>\t\t\t\t<\/div>\n\t\t\t\t<\/div>\n\t\t\t\t<div class=\"elementor-element elementor-element-224ac59 elementor-widget elementor-widget-text-editor\" data-id=\"224ac59\" data-element_type=\"widget\" data-widget_type=\"text-editor.default\">\n\t\t\t\t<div class=\"elementor-widget-container\">\n\t\t\t\t\t\t\t\t\t<p>Our focus is on your health and this starts with you. Our <a href=\"https:\/\/www.praxiscarreschaumburg.at\/en\/unsere-aerzte\/\">top-team of doctors<\/a> supports you in this.<br \/>Our <a href=\"https:\/\/www.praxiscarreschaumburg.at\/en\/unsere-aerzte\/\">physicians<\/a> by <a href=\"https:\/\/www.praxiscarreschaumburg.at\/en\/startseite\/\">Praxis Carr\u00e9 Schaumburg<\/a> offer a comprehensive range of preventive measures for medical specialities of <a href=\"https:\/\/www.praxiscarreschaumburg.at\/en\/gynakologie\/\">gynaecology and obstetrics<\/a> .<\/p>\t\t\t\t\t\t\t\t<\/div>\n\t\t\t\t<\/div>\n\t\t\t\t\t<\/div>\n\t\t<\/div>\n\t\t\t\t<div class=\"elementor-column elementor-col-50 elementor-top-column elementor-element elementor-element-fc730e0\" data-id=\"fc730e0\" data-element_type=\"column\">\n\t\t\t<div class=\"elementor-widget-wrap elementor-element-populated\">\n\t\t\t\t\t\t<div class=\"elementor-element elementor-element-16f1cd4 elementor-widget elementor-widget-image\" data-id=\"16f1cd4\" data-element_type=\"widget\" data-widget_type=\"image.default\">\n\t\t\t\t<div class=\"elementor-widget-container\">\n\t\t\t\t\t\t\t\t\t\t\t\t\t\t\t<img fetchpriority=\"high\" decoding=\"async\" width=\"612\" height=\"344\" src=\"https:\/\/www.praxiscarreschaumburg.at\/wp-content\/uploads\/2021\/09\/istockphoto-1081947082-612x612-1.jpg\" class=\"attachment-large size-large wp-image-1181\" alt=\"Vor- und Nachsorge in der Praxis Carr\u00e9 Schaumburg\" srcset=\"https:\/\/www.praxiscarreschaumburg.at\/wp-content\/uploads\/2021\/09\/istockphoto-1081947082-612x612-1.jpg 612w, https:\/\/www.praxiscarreschaumburg.at\/wp-content\/uploads\/2021\/09\/istockphoto-1081947082-612x612-1-300x169.jpg 300w\" sizes=\"(max-width: 612px) 100vw, 612px\" \/>\t\t\t\t\t\t\t\t\t\t\t\t\t\t\t<\/div>\n\t\t\t\t<\/div>\n\t\t\t\t\t<\/div>\n\t\t<\/div>\n\t\t\t\t\t<\/div>\n\t\t<\/section>\n\t\t\t\t<section class=\"elementor-section elementor-top-section elementor-element elementor-element-49612cf elementor-section-content-top elementor-section-boxed elementor-section-height-default elementor-section-height-default\" data-id=\"49612cf\" data-element_type=\"section\" id=\"vorsorge-gynaekologie\" data-settings=\"{&quot;background_background&quot;:&quot;classic&quot;}\">\n\t\t\t\t\t\t<div class=\"elementor-container elementor-column-gap-default\">\n\t\t\t\t\t<div class=\"elementor-column elementor-col-50 elementor-top-column elementor-element elementor-element-5229fd4\" data-id=\"5229fd4\" data-element_type=\"column\">\n\t\t\t<div class=\"elementor-widget-wrap elementor-element-populated\">\n\t\t\t\t\t\t<div class=\"elementor-element elementor-element-3ab6ade elementor-widget elementor-widget-heading\" data-id=\"3ab6ade\" data-element_type=\"widget\" data-widget_type=\"heading.default\">\n\t\t\t\t<div class=\"elementor-widget-container\">\n\t\t\t\t\t<h3 class=\"elementor-heading-title elementor-size-default\">Gynaecology (Obstetrics and Gynaecology)<\/h3>\t\t\t\t<\/div>\n\t\t\t\t<\/div>\n\t\t\t\t<div class=\"elementor-element elementor-element-6d5e200 elementor-widget elementor-widget-image\" data-id=\"6d5e200\" data-element_type=\"widget\" data-widget_type=\"image.default\">\n\t\t\t\t<div class=\"elementor-widget-container\">\n\t\t\t\t\t\t\t\t\t\t\t\t\t\t\t<img decoding=\"async\" width=\"612\" height=\"408\" src=\"https:\/\/www.praxiscarreschaumburg.at\/wp-content\/uploads\/2021\/12\/istockphoto-1331593498-612x612-1.jpg\" class=\"attachment-large size-large wp-image-2584\" alt=\"\" srcset=\"https:\/\/www.praxiscarreschaumburg.at\/wp-content\/uploads\/2021\/12\/istockphoto-1331593498-612x612-1.jpg 612w, https:\/\/www.praxiscarreschaumburg.at\/wp-content\/uploads\/2021\/12\/istockphoto-1331593498-612x612-1-300x200.jpg 300w, https:\/\/www.praxiscarreschaumburg.at\/wp-content\/uploads\/2021\/12\/istockphoto-1331593498-612x612-1-18x12.jpg 18w\" sizes=\"(max-width: 612px) 100vw, 612px\" \/>\t\t\t\t\t\t\t\t\t\t\t\t\t\t\t<\/div>\n\t\t\t\t<\/div>\n\t\t\t\t<div class=\"elementor-element elementor-element-9f8b320 elementor-widget elementor-widget-text-editor\" data-id=\"9f8b320\" data-element_type=\"widget\" data-widget_type=\"text-editor.default\">\n\t\t\t\t<div class=\"elementor-widget-container\">\n\t\t\t\t\t\t\t\t\t<p>Gynaecological preventive and check-up examinations include the following areas:<\/p>\t\t\t\t\t\t\t\t<\/div>\n\t\t\t\t<\/div>\n\t\t\t\t<div class=\"elementor-element elementor-element-24ff530 elementor-widget elementor-widget-heading\" data-id=\"24ff530\" data-element_type=\"widget\" data-widget_type=\"heading.default\">\n\t\t\t\t<div class=\"elementor-widget-container\">\n\t\t\t\t\t<h3 class=\"elementor-heading-title elementor-size-default\">gynaecological check-up<\/h3>\t\t\t\t<\/div>\n\t\t\t\t<\/div>\n\t\t\t\t<div class=\"elementor-element elementor-element-6717afb elementor-widget elementor-widget-text-editor\" data-id=\"6717afb\" data-element_type=\"widget\" data-widget_type=\"text-editor.default\">\n\t\t\t\t<div class=\"elementor-widget-container\">\n\t\t\t\t\t\t\t\t\t<p>The <strong>gynaecological check-up<\/strong> is an important measure. It is recommended at least once a year.<\/p><p>Regular gynaecological examinations are particularly important in connection with the early detection of <strong>breast cancer<\/strong> and <strong>cervical cancer<\/strong> . They improve the individual treatment options and the chances of a complete cure.<\/p>\t\t\t\t\t\t\t\t<\/div>\n\t\t\t\t<\/div>\n\t\t\t\t<div class=\"elementor-element elementor-element-6209304 elementor-widget elementor-widget-heading\" data-id=\"6209304\" data-element_type=\"widget\" data-widget_type=\"heading.default\">\n\t\t\t\t<div class=\"elementor-widget-container\">\n\t\t\t\t\t<h3 class=\"elementor-heading-title elementor-size-default\">reproductive health care - fertility assessment<\/h3>\t\t\t\t<\/div>\n\t\t\t\t<\/div>\n\t\t\t\t<div class=\"elementor-element elementor-element-257b1e4 elementor-widget elementor-widget-text-editor\" data-id=\"257b1e4\" data-element_type=\"widget\" data-widget_type=\"text-editor.default\">\n\t\t\t\t<div class=\"elementor-widget-container\">\n\t\t\t\t\t\t\t\t\t<p>Determination of the current fertility status and detailed consultation on the resulting family planning<\/p>\t\t\t\t\t\t\t\t<\/div>\n\t\t\t\t<\/div>\n\t\t\t\t<div class=\"elementor-element elementor-element-0c5a6c9 elementor-widget elementor-widget-heading\" data-id=\"0c5a6c9\" data-element_type=\"widget\" data-widget_type=\"heading.default\">\n\t\t\t\t<div class=\"elementor-widget-container\">\n\t\t\t\t\t<h3 class=\"elementor-heading-title elementor-size-default\">contraception \/ family planning<\/h3>\t\t\t\t<\/div>\n\t\t\t\t<\/div>\n\t\t\t\t<div class=\"elementor-element elementor-element-6195589 elementor-widget elementor-widget-text-editor\" data-id=\"6195589\" data-element_type=\"widget\" data-widget_type=\"text-editor.default\">\n\t\t\t\t<div class=\"elementor-widget-container\">\n\t\t\t\t\t\t\t\t\t<p>Individual choice of <a href=\"https:\/\/www.praxiscarreschaumburg.at\/en\/gynakologie\/#first-love-verhuetung\">contraception<\/a>according to your personal circumstances and your weighing of advantages and disadvantages<\/p>\t\t\t\t\t\t\t\t<\/div>\n\t\t\t\t<\/div>\n\t\t\t\t<div class=\"elementor-element elementor-element-7b8e482 elementor-widget elementor-widget-heading\" data-id=\"7b8e482\" data-element_type=\"widget\" data-widget_type=\"heading.default\">\n\t\t\t\t<div class=\"elementor-widget-container\">\n\t\t\t\t\t<h3 class=\"elementor-heading-title elementor-size-default\">Mutterkindpass (MuKi-Pass) examinations<\/h3>\t\t\t\t<\/div>\n\t\t\t\t<\/div>\n\t\t\t\t<div class=\"elementor-element elementor-element-9f614b0 elementor-widget elementor-widget-text-editor\" data-id=\"9f614b0\" data-element_type=\"widget\" data-widget_type=\"text-editor.default\">\n\t\t\t\t<div class=\"elementor-widget-container\">\n\t\t\t\t\t\t\t\t\t<p>Accompaniment through all necessary <strong>check-up appointments<\/strong> and care during and after <a href=\"https:\/\/www.praxiscarreschaumburg.at\/en\/gynakologie\/\">birth<\/a><\/p>\t\t\t\t\t\t\t\t<\/div>\n\t\t\t\t<\/div>\n\t\t\t\t<div class=\"elementor-element elementor-element-1587d9e elementor-widget elementor-widget-heading\" data-id=\"1587d9e\" data-element_type=\"widget\" data-widget_type=\"heading.default\">\n\t\t\t\t<div class=\"elementor-widget-container\">\n\t\t\t\t\t<h3 class=\"elementor-heading-title elementor-size-default\">Prenatal diagnostics<\/h3>\t\t\t\t<\/div>\n\t\t\t\t<\/div>\n\t\t\t\t<div class=\"elementor-element elementor-element-067ef51 elementor-widget elementor-widget-text-editor\" data-id=\"067ef51\" data-element_type=\"widget\" data-widget_type=\"text-editor.default\">\n\t\t\t\t<div class=\"elementor-widget-container\">\n\t\t\t\t\t\t\t\t\t<p>Early detection and exclusion of possible diseases or malformations of your unborn child<\/p>\t\t\t\t\t\t\t\t<\/div>\n\t\t\t\t<\/div>\n\t\t\t\t\t<\/div>\n\t\t<\/div>\n\t\t\t\t<div class=\"elementor-column elementor-col-50 elementor-top-column elementor-element elementor-element-1575700\" data-id=\"1575700\" data-element_type=\"column\">\n\t\t\t<div class=\"elementor-widget-wrap elementor-element-populated\">\n\t\t\t\t\t\t<div class=\"elementor-element elementor-element-67b498f elementor-widget elementor-widget-heading\" data-id=\"67b498f\" data-element_type=\"widget\" data-widget_type=\"heading.default\">\n\t\t\t\t<div class=\"elementor-widget-container\">\n\t\t\t\t\t<h3 class=\"elementor-heading-title elementor-size-default\">breast cancer screening<\/h3>\t\t\t\t<\/div>\n\t\t\t\t<\/div>\n\t\t\t\t<div class=\"elementor-element elementor-element-987257e elementor-widget elementor-widget-text-editor\" data-id=\"987257e\" data-element_type=\"widget\" data-widget_type=\"text-editor.default\">\n\t\t\t\t<div class=\"elementor-widget-container\">\n\t\t\t\t\t\t\t\t\t<p>Palpation of the breast in the doctor's office and self-examination of the breast at home: the breast tissue as well as the area of the armpits and collarbones are precisely palpated for lumps, indurations and other abnormalities.<\/p><p>Since the risk of cancer generally increases with age, mammography is of crucial importance for women over the age of 40 - <a href=\"#vorsorge\">precare<\/a> .<\/p>\t\t\t\t\t\t\t\t<\/div>\n\t\t\t\t<\/div>\n\t\t\t\t<div class=\"elementor-element elementor-element-4a82d36 elementor-widget elementor-widget-heading\" data-id=\"4a82d36\" data-element_type=\"widget\" data-widget_type=\"heading.default\">\n\t\t\t\t<div class=\"elementor-widget-container\">\n\t\t\t\t\t<h3 class=\"elementor-heading-title elementor-size-default\">cervical cancer screening<\/h3>\t\t\t\t<\/div>\n\t\t\t\t<\/div>\n\t\t\t\t<div class=\"elementor-element elementor-element-44efa72 elementor-widget elementor-widget-text-editor\" data-id=\"44efa72\" data-element_type=\"widget\" data-widget_type=\"text-editor.default\">\n\t\t\t\t<div class=\"elementor-widget-container\">\n\t\t\t\t\t\t\t\t\t<p>Early detection of possible cell changes through the <strong>cancer smear (PAP smear)<\/strong> to detect early stages of <strong>cervical cancer.<\/strong><\/p><p>The PAP smear is a painless examination. Cells are taken from the surface of the cervix and from the cervical canal and sent to the laboratory for further testing.<\/p><p>With the help of the PAP smear, any cell changes can be identified in time, so that precancerous stages of cervical cancer can be detected.<\/p>\t\t\t\t\t\t\t\t<\/div>\n\t\t\t\t<\/div>\n\t\t\t\t<div class=\"elementor-element elementor-element-502b76b elementor-widget elementor-widget-heading\" data-id=\"502b76b\" data-element_type=\"widget\" data-widget_type=\"heading.default\">\n\t\t\t\t<div class=\"elementor-widget-container\">\n\t\t\t\t\t<h3 class=\"elementor-heading-title elementor-size-default\">HPV vaccination<\/h3>\t\t\t\t<\/div>\n\t\t\t\t<\/div>\n\t\t\t\t<div class=\"elementor-element elementor-element-d873439 elementor-widget elementor-widget-text-editor\" data-id=\"d873439\" data-element_type=\"widget\" data-widget_type=\"text-editor.default\">\n\t\t\t\t<div class=\"elementor-widget-container\">\n\t\t\t\t\t\t\t\t\t<p>Protection against the development of <strong>HPV<\/strong>-related <strong>cancers<\/strong> and genital warts. In Austria, one active ingredient is licensed, including a 9-fold vaccine (Gardasil), which immunises against the most common <strong>HPV<\/strong>types 6, 11, 16, 18, 31, 33 45, 52 and 58.<\/p><p>If the vaccination is given at a time when there is no infection, it offers reliable protection against the respective <strong>HPV<\/strong>strains.<\/p><p>It is recommended that even vaccinated women have a <strong>cancer smear test once a year<\/strong> so that any precancerous lesions can be detected in time.<\/p>\t\t\t\t\t\t\t\t<\/div>\n\t\t\t\t<\/div>\n\t\t\t\t<div class=\"elementor-element elementor-element-17ba241 elementor-widget elementor-widget-image\" data-id=\"17ba241\" data-element_type=\"widget\" data-widget_type=\"image.default\">\n\t\t\t\t<div class=\"elementor-widget-container\">\n\t\t\t\t\t\t\t\t\t\t\t\t\t\t\t<img decoding=\"async\" width=\"612\" height=\"408\" src=\"https:\/\/www.praxiscarreschaumburg.at\/wp-content\/uploads\/2021\/12\/istockphoto-1065782066-612x612-1.jpg\" class=\"attachment-large size-large wp-image-2585\" alt=\"\" srcset=\"https:\/\/www.praxiscarreschaumburg.at\/wp-content\/uploads\/2021\/12\/istockphoto-1065782066-612x612-1.jpg 612w, https:\/\/www.praxiscarreschaumburg.at\/wp-content\/uploads\/2021\/12\/istockphoto-1065782066-612x612-1-300x200.jpg 300w, https:\/\/www.praxiscarreschaumburg.at\/wp-content\/uploads\/2021\/12\/istockphoto-1065782066-612x612-1-18x12.jpg 18w\" sizes=\"(max-width: 612px) 100vw, 612px\" \/>\t\t\t\t\t\t\t\t\t\t\t\t\t\t\t<\/div>\n\t\t\t\t<\/div>\n\t\t\t\t\t<\/div>\n\t\t<\/div>\n\t\t\t\t\t<\/div>\n\t\t<\/section>\n\t\t\t\t<section class=\"elementor-section elementor-top-section elementor-element elementor-element-2f0ea22 elementor-section-content-top elementor-section-boxed elementor-section-height-default elementor-section-height-default\" data-id=\"2f0ea22\" data-element_type=\"section\" id=\"nachsorge\" data-settings=\"{&quot;background_background&quot;:&quot;classic&quot;}\">\n\t\t\t\t\t\t<div class=\"elementor-container elementor-column-gap-default\">\n\t\t\t\t\t<div class=\"elementor-column elementor-col-50 elementor-top-column elementor-element elementor-element-9fa7a52\" data-id=\"9fa7a52\" data-element_type=\"column\">\n\t\t\t<div class=\"elementor-widget-wrap elementor-element-populated\">\n\t\t\t\t\t\t<div class=\"elementor-element elementor-element-8e716d6 elementor-widget elementor-widget-heading\" data-id=\"8e716d6\" data-element_type=\"widget\" data-widget_type=\"heading.default\">\n\t\t\t\t<div class=\"elementor-widget-container\">\n\t\t\t\t\t<h2 class=\"elementor-heading-title elementor-size-default\">AFTERCARE<\/h2>\t\t\t\t<\/div>\n\t\t\t\t<\/div>\n\t\t\t\t<div class=\"elementor-element elementor-element-16c1b9a elementor-widget elementor-widget-text-editor\" data-id=\"16c1b9a\" data-element_type=\"widget\" data-widget_type=\"text-editor.default\">\n\t\t\t\t<div class=\"elementor-widget-container\">\n\t\t\t\t\t\t\t\t\t<p>Medical aftercare includes, among other things, the care of our patients after:<\/p>\t\t\t\t\t\t\t\t<\/div>\n\t\t\t\t<\/div>\n\t\t\t\t<div class=\"elementor-element elementor-element-8f0d443 elementor-widget elementor-widget-heading\" data-id=\"8f0d443\" data-element_type=\"widget\" data-widget_type=\"heading.default\">\n\t\t\t\t<div class=\"elementor-widget-container\">\n\t\t\t\t\t<h3 class=\"elementor-heading-title elementor-size-default\">- surgical interventions<\/h3>\t\t\t\t<\/div>\n\t\t\t\t<\/div>\n\t\t\t\t<div class=\"elementor-element elementor-element-0279dad elementor-widget elementor-widget-heading\" data-id=\"0279dad\" data-element_type=\"widget\" data-widget_type=\"heading.default\">\n\t\t\t\t<div class=\"elementor-widget-container\">\n\t\t\t\t\t<h3 class=\"elementor-heading-title elementor-size-default\">- childbirth<\/h3>\t\t\t\t<\/div>\n\t\t\t\t<\/div>\n\t\t\t\t<div class=\"elementor-element elementor-element-a51313f elementor-widget elementor-widget-text-editor\" data-id=\"a51313f\" data-element_type=\"widget\" data-widget_type=\"text-editor.default\">\n\t\t\t\t<div class=\"elementor-widget-container\">\n\t\t\t\t\t\t\t\t\t<p>both natural and caesarean section and<\/p>\t\t\t\t\t\t\t\t<\/div>\n\t\t\t\t<\/div>\n\t\t\t\t<div class=\"elementor-element elementor-element-4d72b57 elementor-widget elementor-widget-heading\" data-id=\"4d72b57\" data-element_type=\"widget\" data-widget_type=\"heading.default\">\n\t\t\t\t<div class=\"elementor-widget-container\">\n\t\t\t\t\t<h3 class=\"elementor-heading-title elementor-size-default\">- chemotherapeutic treatments<\/h3>\t\t\t\t<\/div>\n\t\t\t\t<\/div>\n\t\t\t\t\t<\/div>\n\t\t<\/div>\n\t\t\t\t<div class=\"elementor-column elementor-col-50 elementor-top-column elementor-element elementor-element-4d056b2\" data-id=\"4d056b2\" data-element_type=\"column\">\n\t\t\t<div class=\"elementor-widget-wrap elementor-element-populated\">\n\t\t\t\t\t\t<div class=\"elementor-element elementor-element-aab6399 elementor-widget elementor-widget-image\" data-id=\"aab6399\" data-element_type=\"widget\" data-widget_type=\"image.default\">\n\t\t\t\t<div class=\"elementor-widget-container\">\n\t\t\t\t\t\t\t\t\t\t\t\t\t\t\t<img loading=\"lazy\" decoding=\"async\" width=\"612\" height=\"408\" src=\"https:\/\/www.praxiscarreschaumburg.at\/wp-content\/uploads\/2021\/12\/istockphoto-1081947084-612x612-1.jpg\" class=\"elementor-animation-float attachment-large size-large wp-image-2597\" alt=\"\" srcset=\"https:\/\/www.praxiscarreschaumburg.at\/wp-content\/uploads\/2021\/12\/istockphoto-1081947084-612x612-1.jpg 612w, https:\/\/www.praxiscarreschaumburg.at\/wp-content\/uploads\/2021\/12\/istockphoto-1081947084-612x612-1-300x200.jpg 300w, https:\/\/www.praxiscarreschaumburg.at\/wp-content\/uploads\/2021\/12\/istockphoto-1081947084-612x612-1-18x12.jpg 18w\" sizes=\"(max-width: 612px) 100vw, 612px\" \/>\t\t\t\t\t\t\t\t\t\t\t\t\t\t\t<\/div>\n\t\t\t\t<\/div>\n\t\t\t\t<div class=\"elementor-element elementor-element-a13a288 elementor-widget elementor-widget-text-editor\" data-id=\"a13a288\" data-element_type=\"widget\" data-widget_type=\"text-editor.default\">\n\t\t\t\t<div class=\"elementor-widget-container\">\n\t\t\t\t\t\t\t\t\t<p><a href=\"https:\/\/www.praxiscarreschaumburg.at\/en\/unsere-aerzte\/\">Our physicians<\/a> by <a href=\"https:\/\/www.praxiscarreschaumburg.at\/en\/startseite\/\">Praxis Carr\u00e9 Schaumburg<\/a> take their time and plan the next steps, which is part of the holistic care of our patients. <br \/><br \/>The goal is the complete recovery or a significant improvement in the quality of life of our patients.<\/p><p>Your <strong>aftercare<\/strong> will then again - <strong>through regular check-ups<\/strong> - become your individual <a href=\"#vorsorge\">precare<\/a>.<\/p>\t\t\t\t\t\t\t\t<\/div>\n\t\t\t\t<\/div>\n\t\t\t\t\t<\/div>\n\t\t<\/div>\n\t\t\t\t\t<\/div>\n\t\t<\/section>\n\t\t\t\t<\/div>","protected":false},"excerpt":{"rendered":"<p>UNSERE LEISTUNGEN VORSORGE und NACHSORGE VORSORGE Der Fokus liegt bei uns auf Ihrer Gesundheit und diese beginnt bei Ihnen. Unser top \u00c4rzte-Team unterst\u00fctzt Sie dabei.Unser \u00c4rzte-Team der Praxis Carr\u00e9 Schaumburg bietet f\u00fcr die medizinischen Fachbereiche Frauenheilkunde und Geburtshilfe ein umfangreiches Angebot an pr\u00e4ventiven Ma\u00dfnahmen. So k\u00f6nnen wir eine ganzheitliche medizinische Betreuung gew\u00e4hrleisten. Gyn\u00e4kologie (Frauenheilkunde und [&hellip;]<\/p>","protected":false},"author":1,"featured_media":0,"parent":0,"menu_order":0,"comment_status":"closed","ping_status":"closed","template":"elementor_header_footer","meta":{"footnotes":""},"class_list":["post-2374","page","type-page","status-publish","hentry"],"_links":{"self":[{"href":"https:\/\/www.praxiscarreschaumburg.at\/en\/wp-json\/wp\/v2\/pages\/2374","targetHints":{"allow":["GET"]}}],"collection":[{"href":"https:\/\/www.praxiscarreschaumburg.at\/en\/wp-json\/wp\/v2\/pages"}],"about":[{"href":"https:\/\/www.praxiscarreschaumburg.at\/en\/wp-json\/wp\/v2\/types\/page"}],"author":[{"embeddable":true,"href":"https:\/\/www.praxiscarreschaumburg.at\/en\/wp-json\/wp\/v2\/users\/1"}],"replies":[{"embeddable":true,"href":"https:\/\/www.praxiscarreschaumburg.at\/en\/wp-json\/wp\/v2\/comments?post=2374"}],"version-history":[{"count":158,"href":"https:\/\/www.praxiscarreschaumburg.at\/en\/wp-json\/wp\/v2\/pages\/2374\/revisions"}],"predecessor-version":[{"id":3858,"href":"https:\/\/www.praxiscarreschaumburg.at\/en\/wp-json\/wp\/v2\/pages\/2374\/revisions\/3858"}],"wp:attachment":[{"href":"https:\/\/www.praxiscarreschaumburg.at\/en\/wp-json\/wp\/v2\/media?parent=2374"}],"curies":[{"name":"wp","href":"https:\/\/api.w.org\/{rel}","templated":true}]}}