{"id":2057,"date":"2021-12-08T23:46:46","date_gmt":"2021-12-08T22:46:46","guid":{"rendered":"https:\/\/www.praxiscarreschaumburg.at\/?page_id=2057"},"modified":"2024-12-19T09:47:18","modified_gmt":"2024-12-19T08:47:18","slug":"ueber-uns","status":"publish","type":"page","link":"https:\/\/www.praxiscarreschaumburg.at\/en\/ueber-uns\/","title":{"rendered":"\u00dcber uns"},"content":{"rendered":"<div data-elementor-type=\"wp-page\" data-elementor-id=\"2057\" class=\"elementor elementor-2057\" data-elementor-post-type=\"page\">\n\t\t\t\t\t\t<section class=\"elementor-section elementor-top-section elementor-element elementor-element-c4fd5cd elementor-section-content-middle elementor-section-boxed elementor-section-height-default elementor-section-height-default\" data-id=\"c4fd5cd\" data-element_type=\"section\" data-settings=\"{&quot;background_background&quot;:&quot;classic&quot;}\">\n\t\t\t\t\t\t<div class=\"elementor-container elementor-column-gap-default\">\n\t\t\t\t\t<div class=\"elementor-column elementor-col-100 elementor-top-column elementor-element elementor-element-a470ec4\" data-id=\"a470ec4\" data-element_type=\"column\">\n\t\t\t<div class=\"elementor-widget-wrap elementor-element-populated\">\n\t\t\t\t\t\t<div class=\"elementor-element elementor-element-992543f elementor-invisible elementor-widget elementor-widget-text-editor\" data-id=\"992543f\" data-element_type=\"widget\" data-settings=\"{&quot;_animation&quot;:&quot;fadeInUp&quot;}\" data-widget_type=\"text-editor.default\">\n\t\t\t\t<div class=\"elementor-widget-container\">\n\t\t\t\t\t\t\t\t\t<p>PRAXIS CARR\u00c9 SCHAUMBURG<\/p>\t\t\t\t\t\t\t\t<\/div>\n\t\t\t\t<\/div>\n\t\t\t\t<div class=\"elementor-element elementor-element-166b1a5 elementor-invisible elementor-widget elementor-widget-heading\" data-id=\"166b1a5\" data-element_type=\"widget\" data-settings=\"{&quot;_animation&quot;:&quot;fadeInUp&quot;,&quot;_animation_delay&quot;:500}\" data-widget_type=\"heading.default\">\n\t\t\t\t<div class=\"elementor-widget-container\">\n\t\t\t\t\t<h1 class=\"elementor-heading-title elementor-size-default\">ABOUT US<\/h1>\t\t\t\t<\/div>\n\t\t\t\t<\/div>\n\t\t\t\t\t<\/div>\n\t\t<\/div>\n\t\t\t\t\t<\/div>\n\t\t<\/section>\n\t\t\t\t<section class=\"elementor-section elementor-top-section elementor-element elementor-element-1d8b702 elementor-section-boxed elementor-section-height-default elementor-section-height-default\" data-id=\"1d8b702\" data-element_type=\"section\">\n\t\t\t\t\t\t<div class=\"elementor-container elementor-column-gap-default\">\n\t\t\t\t\t<div class=\"elementor-column elementor-col-50 elementor-top-column elementor-element elementor-element-3f5b6e9\" data-id=\"3f5b6e9\" data-element_type=\"column\">\n\t\t\t<div class=\"elementor-widget-wrap elementor-element-populated\">\n\t\t\t\t\t\t<div class=\"elementor-element elementor-element-7845312c elementor-widget elementor-widget-heading\" data-id=\"7845312c\" data-element_type=\"widget\" data-widget_type=\"heading.default\">\n\t\t\t\t<div class=\"elementor-widget-container\">\n\t\t\t\t\t<h2 class=\"elementor-heading-title elementor-size-default\">Women and women's health are at the centre of our practice. <\/h2>\t\t\t\t<\/div>\n\t\t\t\t<\/div>\n\t\t\t\t<div class=\"elementor-element elementor-element-580ed76d elementor-widget elementor-widget-text-editor\" data-id=\"580ed76d\" data-element_type=\"widget\" data-widget_type=\"text-editor.default\">\n\t\t\t\t<div class=\"elementor-widget-container\">\n\t\t\t\t\t\t\t\t\t<p>The Carr\u00e9 Schaumburg practice is located in Vienna's 4th district at Schaumburgergasse 1.01, not far from the embassy quarter and <a href=\"https:\/\/www.palais-schoenburg.at\/\" target=\"_blank\" rel=\"noopener\">garden palace Sch\u00f6nburg<\/a>.<\/p>\t\t\t\t\t\t\t\t<\/div>\n\t\t\t\t<\/div>\n\t\t\t\t<div class=\"elementor-element elementor-element-6ef30fb elementor-widget elementor-widget-text-editor\" data-id=\"6ef30fb\" data-element_type=\"widget\" data-widget_type=\"text-editor.default\">\n\t\t\t\t<div class=\"elementor-widget-container\">\n\t\t\t\t\t\t\t\t\t<p>Our <a href=\"https:\/\/www.praxiscarreschaumburg.at\/en\/unsere-aerzte\/\">top-team of doctors<\/a> comes from the specialist fields of gynaecology and obstetrics and offers comprehensive inpatient and outpatient care in the hospitals of the federal capital.\u00a0<\/p>\t\t\t\t\t\t\t\t<\/div>\n\t\t\t\t<\/div>\n\t\t\t\t\t<\/div>\n\t\t<\/div>\n\t\t\t\t<div class=\"elementor-column elementor-col-50 elementor-top-column elementor-element elementor-element-b65a072\" data-id=\"b65a072\" data-element_type=\"column\">\n\t\t\t<div class=\"elementor-widget-wrap elementor-element-populated\">\n\t\t\t\t\t\t<div class=\"elementor-element elementor-element-983c6c1 elementor-widget elementor-widget-text-editor\" data-id=\"983c6c1\" data-element_type=\"widget\" data-widget_type=\"text-editor.default\">\n\t\t\t\t<div class=\"elementor-widget-container\">\n\t\t\t\t\t\t\t\t\t<p>Women and women's health are at the centre of <a href=\"https:\/\/www.praxiscarreschaumburg.at\/en\/raumlichkeiten\/\">our practice<\/a>\u00a0. <br \/>We want our patients to feel welcome and well cared. Our doctors offer a comprehensive range of personal care in the fields of gynaecology under one roof.<\/p>\t\t\t\t\t\t\t\t<\/div>\n\t\t\t\t<\/div>\n\t\t\t\t<div class=\"elementor-element elementor-element-f5a7ca8 elementor-widget elementor-widget-text-editor\" data-id=\"f5a7ca8\" data-element_type=\"widget\" data-widget_type=\"text-editor.default\">\n\t\t\t\t<div class=\"elementor-widget-container\">\n\t\t\t\t\t\t\t\t\t<p>Take a look at our website and <a href=\"https:\/\/www.praxiscarreschaumburg.at\/en\/unsere-aerzte\/\">choose the physician<\/a>that suits you and your health needs.<\/p>\t\t\t\t\t\t\t\t<\/div>\n\t\t\t\t<\/div>\n\t\t\t\t<div class=\"elementor-element elementor-element-199ff85 elementor-align-left elementor-widget elementor-widget-button\" data-id=\"199ff85\" data-element_type=\"widget\" data-widget_type=\"button.default\">\n\t\t\t\t<div class=\"elementor-widget-container\">\n\t\t\t\t\t\t\t\t\t<div class=\"elementor-button-wrapper\">\n\t\t\t\t\t<a class=\"elementor-button elementor-button-link elementor-size-sm\" href=\"https:\/\/www.praxiscarreschaumburg.at\/en\/kontakt-praxis-carre-schaumburg\/\">\n\t\t\t\t\t\t<span class=\"elementor-button-content-wrapper\">\n\t\t\t\t\t\t<span class=\"elementor-button-icon\">\n\t\t\t\t<i aria-hidden=\"true\" class=\"far fa-calendar-alt\"><\/i>\t\t\t<\/span>\n\t\t\t\t\t\t\t\t\t<span class=\"elementor-button-text\">Arrange appointment now<\/span>\n\t\t\t\t\t<\/span>\n\t\t\t\t\t<\/a>\n\t\t\t\t<\/div>\n\t\t\t\t\t\t\t\t<\/div>\n\t\t\t\t<\/div>\n\t\t\t\t\t<\/div>\n\t\t<\/div>\n\t\t\t\t\t<\/div>\n\t\t<\/section>\n\t\t\t\t<\/div>","protected":false},"excerpt":{"rendered":"<p>PRAXIS CARR\u00c9 SCHAUMBURG \u00dcBER UNS In unserer Praxis steht das Frau-Sein und die Frauengesundheit im Zentrum. Die Praxis Carr\u00e9 Schaumburg befindet sich im 4. Wiener Gemeindebezirk (Wieden) in der Schaumburgergasse 1.01 unweit des Botschaftsviertels und des barocken Gartenpalais Sch\u00f6nburg. Unser top \u00c4rzte-Team kommt aus dem Bereich Gyn\u00e4kologie (Frauenheilkunde und Geburtshilfe) und bietet fl\u00e4chendeckende station\u00e4re sowie [&hellip;]<\/p>","protected":false},"author":1,"featured_media":0,"parent":0,"menu_order":0,"comment_status":"closed","ping_status":"closed","template":"elementor_header_footer","meta":{"footnotes":""},"class_list":["post-2057","page","type-page","status-publish","hentry"],"_links":{"self":[{"href":"https:\/\/www.praxiscarreschaumburg.at\/en\/wp-json\/wp\/v2\/pages\/2057","targetHints":{"allow":["GET"]}}],"collection":[{"href":"https:\/\/www.praxiscarreschaumburg.at\/en\/wp-json\/wp\/v2\/pages"}],"about":[{"href":"https:\/\/www.praxiscarreschaumburg.at\/en\/wp-json\/wp\/v2\/types\/page"}],"author":[{"embeddable":true,"href":"https:\/\/www.praxiscarreschaumburg.at\/en\/wp-json\/wp\/v2\/users\/1"}],"replies":[{"embeddable":true,"href":"https:\/\/www.praxiscarreschaumburg.at\/en\/wp-json\/wp\/v2\/comments?post=2057"}],"version-history":[{"count":125,"href":"https:\/\/www.praxiscarreschaumburg.at\/en\/wp-json\/wp\/v2\/pages\/2057\/revisions"}],"predecessor-version":[{"id":3854,"href":"https:\/\/www.praxiscarreschaumburg.at\/en\/wp-json\/wp\/v2\/pages\/2057\/revisions\/3854"}],"wp:attachment":[{"href":"https:\/\/www.praxiscarreschaumburg.at\/en\/wp-json\/wp\/v2\/media?parent=2057"}],"curies":[{"name":"wp","href":"https:\/\/api.w.org\/{rel}","templated":true}]}}